{"id":372,"date":"2023-03-01T07:46:15","date_gmt":"2023-03-01T06:46:15","guid":{"rendered":"https:\/\/m-e-c.fr\/contact\/"},"modified":"2026-04-07T12:03:23","modified_gmt":"2026-04-07T10:03:23","slug":"contact","status":"publish","type":"page","link":"https:\/\/m-e-c.fr\/?page_id=372","title":{"rendered":"Contact"},"content":{"rendered":"\t\t<div data-elementor-type=\"wp-page\" data-elementor-id=\"372\" class=\"elementor elementor-372\" data-elementor-settings=\"{&quot;element_pack_global_tooltip_width&quot;:{&quot;unit&quot;:&quot;px&quot;,&quot;size&quot;:&quot;&quot;,&quot;sizes&quot;:[]},&quot;element_pack_global_tooltip_width_tablet&quot;:{&quot;unit&quot;:&quot;px&quot;,&quot;size&quot;:&quot;&quot;,&quot;sizes&quot;:[]},&quot;element_pack_global_tooltip_width_mobile&quot;:{&quot;unit&quot;:&quot;px&quot;,&quot;size&quot;:&quot;&quot;,&quot;sizes&quot;:[]},&quot;element_pack_global_tooltip_padding&quot;:{&quot;unit&quot;:&quot;px&quot;,&quot;top&quot;:&quot;&quot;,&quot;right&quot;:&quot;&quot;,&quot;bottom&quot;:&quot;&quot;,&quot;left&quot;:&quot;&quot;,&quot;isLinked&quot;:true},&quot;element_pack_global_tooltip_padding_tablet&quot;:{&quot;unit&quot;:&quot;px&quot;,&quot;top&quot;:&quot;&quot;,&quot;right&quot;:&quot;&quot;,&quot;bottom&quot;:&quot;&quot;,&quot;left&quot;:&quot;&quot;,&quot;isLinked&quot;:true},&quot;element_pack_global_tooltip_padding_mobile&quot;:{&quot;unit&quot;:&quot;px&quot;,&quot;top&quot;:&quot;&quot;,&quot;right&quot;:&quot;&quot;,&quot;bottom&quot;:&quot;&quot;,&quot;left&quot;:&quot;&quot;,&quot;isLinked&quot;:true},&quot;element_pack_global_tooltip_border_radius&quot;:{&quot;unit&quot;:&quot;px&quot;,&quot;top&quot;:&quot;&quot;,&quot;right&quot;:&quot;&quot;,&quot;bottom&quot;:&quot;&quot;,&quot;left&quot;:&quot;&quot;,&quot;isLinked&quot;:true},&quot;element_pack_global_tooltip_border_radius_tablet&quot;:{&quot;unit&quot;:&quot;px&quot;,&quot;top&quot;:&quot;&quot;,&quot;right&quot;:&quot;&quot;,&quot;bottom&quot;:&quot;&quot;,&quot;left&quot;:&quot;&quot;,&quot;isLinked&quot;:true},&quot;element_pack_global_tooltip_border_radius_mobile&quot;:{&quot;unit&quot;:&quot;px&quot;,&quot;top&quot;:&quot;&quot;,&quot;right&quot;:&quot;&quot;,&quot;bottom&quot;:&quot;&quot;,&quot;left&quot;:&quot;&quot;,&quot;isLinked&quot;:true}}\">\n\t\t\t\t<div class=\"elementor-element elementor-element-26cf17bd e-flex e-con-boxed e-con e-parent\" data-id=\"26cf17bd\" data-element_type=\"container\" data-e-type=\"container\" data-settings=\"{&quot;background_background&quot;:&quot;classic&quot;}\">\n\t\t\t\t\t<div class=\"e-con-inner\">\n\t\t<div class=\"elementor-element elementor-element-34e0f1f3 e-con-full  ui-fluid-animation-6 e-flex elementor-invisible e-con e-child\" data-id=\"34e0f1f3\" data-element_type=\"container\" data-e-type=\"container\" data-settings=\"{&quot;background_background&quot;:&quot;classic&quot;,&quot;animation_delay&quot;:&quot;500&quot;,&quot;animation&quot;:&quot;fadeInUp&quot;,&quot;section_fluid_on&quot;:&quot;yes&quot;,&quot;uicore_fluid_animation&quot;:&quot;ui-fluid-animation-6&quot;,&quot;section_fluid_settings&quot;:&quot;yes&quot;,&quot;section_fluid_scale&quot;:10,&quot;section_fluid_intensity&quot;:50,&quot;section_fluid_speed&quot;:20,&quot;section_fluid_interactive&quot;:&quot;yes&quot;}\">\n\t\t<div class=\"elementor-element elementor-element-776df74 e-con-full e-flex e-con e-child\" data-id=\"776df74\" data-element_type=\"container\" data-e-type=\"container\">\n\t\t\t\t<div class=\"elementor-element elementor-element-142adb5e ui-e-a-animate elementor-invisible elementor-widget elementor-widget-highlighted-text\" data-id=\"142adb5e\" data-element_type=\"widget\" data-e-type=\"widget\" data-settings=\"{&quot;_animation_delay&quot;:&quot;600&quot;,&quot;_animation&quot;:&quot;fadeInUp&quot;}\" data-widget_type=\"highlighted-text.default\">\n\t\t\t\t\t        <h1 class=\"ui-e--highlighted-text\">\n            <span class=\"ui-e-headline-text elementor-repeater-item-bace23b\">Vous souhaitez en savoir plus sur<\/span><span class=\"ui-e-headline-text elementor-repeater-item-3c183ef ui-e-headline-color\">\n\t\t\t\t\t\t\t\t\t<span class=\"whitespace\"><\/span>\n                                    <span>\n                                        <span class=\"ui-e-headline-text ui-e-headline-highlighted\">Mon Empreinte Carbone ?<\/span><span class=\"uicore-svg-wrapper\"><svg xmlns=\"http:\/\/www.w3.org\/2000\/svg\" viewBox=\"0 0 500 150\" preserveAspectRatio=\"none\"><\/svg><\/span><\/span> <span class=\"whitespace\"> <\/span><\/span>        <\/h1>\n    \t\t\t\t<\/div>\n\t\t\t\t<div class=\"elementor-element elementor-element-39e4c91d elementor-invisible elementor-widget elementor-widget-text-editor\" data-id=\"39e4c91d\" data-element_type=\"widget\" data-e-type=\"widget\" data-settings=\"{&quot;_animation_delay&quot;:&quot;700&quot;,&quot;_animation&quot;:&quot;fadeInUp&quot;}\" data-widget_type=\"text-editor.default\">\n\t\t\t\t\t\t\t\t\t<div class=\"page\" title=\"Page 9\"><div class=\"layoutArea\"><div class=\"column\"><p>Contactez-nous !<\/p><\/div><\/div><\/div>\t\t\t\t\t\t\t\t<\/div>\n\t\t\t\t<\/div>\n\t\t<div class=\"elementor-element elementor-element-4d05e2cf e-con-full e-flex elementor-invisible e-con e-child\" data-id=\"4d05e2cf\" data-element_type=\"container\" data-e-type=\"container\" data-settings=\"{&quot;background_background&quot;:&quot;classic&quot;,&quot;animation_delay&quot;:&quot;1300&quot;,&quot;animation&quot;:&quot;fadeInUp&quot;}\">\n\t\t\t\t<div class=\"elementor-element elementor-element-5ede2c56 ui-e-submit-align--stretch elementor-invisible elementor-widget elementor-widget-uicore-contact-form\" data-id=\"5ede2c56\" data-element_type=\"widget\" data-e-type=\"widget\" data-settings=\"{&quot;_animation_delay&quot;:&quot;1400&quot;,&quot;_animation&quot;:&quot;fadeInUp&quot;}\" data-widget_type=\"uicore-contact-form.default\">\n\t\t\t\t\t\n        <form class=\"ui-e-form\" method=\"post\" name=\"New Form\">\n\n            <input type=\"hidden\" name=\"post_id\" value=\"372\" \/>\n            <input type=\"hidden\" name=\"widget_type\" value=\"contact-form\">\n\n            <input type=\"hidden\" name=\"required_fields_message\" value=\"Fill all required fields.\">\n\n            <div class=\"ui-e-fields-wrp\">\n\n                \n                    <div class=\"ui-e-field-type-text ui-e-field-group elementor-column ui-e-field-group-name elementor-col-50 elementor-md-100  ui-e-required\">\n                                                    <label for=\"form-field-name\" class=\"ui-e-label\">\n                                Pr\u00e9nom                            <\/label>\n                                                            <input size=\"1\" type=\"text\" name=\"form_fields[name]\" id=\"form-field-name\" class=\"ui-e-field  ui-e-field-textual\" placeholder=\"Pr\u00e9nom\" required=\"required\" aria-required=\"true\">\n                                            <\/div>\n\n                \n                    <div class=\"ui-e-field-type-text ui-e-field-group elementor-column ui-e-field-group-field_pjipwfh elementor-col-50 elementor-md-100  ui-e-required\">\n                                                    <label for=\"form-field-field_pjipwfh\" class=\"ui-e-label\">\n                                Nom                            <\/label>\n                                                            <input size=\"1\" type=\"text\" name=\"form_fields[field_pjipwfh]\" id=\"form-field-field_pjipwfh\" class=\"ui-e-field  ui-e-field-textual\" placeholder=\"Nom\" required=\"required\" aria-required=\"true\">\n                                            <\/div>\n\n                \n                    <div class=\"ui-e-field-type-email ui-e-field-group elementor-column ui-e-field-group-email elementor-col-100  ui-e-required\">\n                                                    <label for=\"form-field-email\" class=\"ui-e-label\">\n                                Mail professionnel                            <\/label>\n                                                            <input size=\"1\" type=\"email\" name=\"form_fields[email]\" id=\"form-field-email\" class=\"ui-e-field  ui-e-field-textual\" placeholder=\"nom@m-e-c.fr\" required=\"required\" aria-required=\"true\">\n                                            <\/div>\n\n                \n                    <div class=\"ui-e-field-type-tel ui-e-field-group elementor-column ui-e-field-group-field_zbixc9q elementor-col-100  ui-e-required\">\n                                                    <label for=\"form-field-field_zbixc9q\" class=\"ui-e-label\">\n                                Num\u00e9ro de t\u00e9l\u00e9phone                            <\/label>\n                                                            <input size=\"1\" type=\"tel\" name=\"form_fields[field_zbixc9q]\" id=\"form-field-field_zbixc9q\" class=\"ui-e-field  ui-e-field-textual\" placeholder=\"01 23 45 67 89\" required=\"required\" aria-required=\"true\">\n                                            <\/div>\n\n                \n                    <div class=\"ui-e-field-type-text ui-e-field-group elementor-column ui-e-field-group-field_awjuxpc elementor-col-100  ui-e-required\">\n                                                    <label for=\"form-field-field_awjuxpc\" class=\"ui-e-label\">\n                                Nom de l'entreprise                            <\/label>\n                                                            <input size=\"1\" type=\"text\" name=\"form_fields[field_awjuxpc]\" id=\"form-field-field_awjuxpc\" class=\"ui-e-field  ui-e-field-textual\" placeholder=\"Mon Empreinte Carbone\" required=\"required\" aria-required=\"true\">\n                                            <\/div>\n\n                \n                    <div class=\"ui-e-field-type-text ui-e-field-group elementor-column ui-e-field-group-field_5eg99ki elementor-col-100  ui-e-required\">\n                                                    <label for=\"form-field-field_5eg99ki\" class=\"ui-e-label\">\n                                Poste                            <\/label>\n                                                            <input size=\"1\" type=\"text\" name=\"form_fields[field_5eg99ki]\" id=\"form-field-field_5eg99ki\" class=\"ui-e-field  ui-e-field-textual\" placeholder=\"Commercial\" required=\"required\" aria-required=\"true\">\n                                            <\/div>\n\n                \n                    <div class=\"ui-e-field-type-text ui-e-field-group elementor-column ui-e-field-group-field_gyu77j9 elementor-col-100\">\n                                                    <label for=\"form-field-field_gyu77j9\" class=\"ui-e-label\">\n                                Informations compl\u00e9mentaires                            <\/label>\n                                                            <input size=\"1\" type=\"text\" name=\"form_fields[field_gyu77j9]\" id=\"form-field-field_gyu77j9\" class=\"ui-e-field  ui-e-field-textual\">\n                                            <\/div>\n\n                \n                    <div class=\"ui-e-field-type-acceptance ui-e-field-group elementor-column ui-e-field-group-field_4ygonp4 elementor-col-100  ui-e-required\">\n                                <div class=\"ui-e-field-subgroup \">\n            <input type=\"checkbox\" name=\"form_fields[field_4ygonp4]\" id=\"form-field-field_4ygonp4\" class=\"ui-e-field  ui-e-acceptance-field\" required=\"required\" aria-required=\"true\">\n            <label for=\"form-field-field_4ygonp4\">J\u2019accepte de recevoir des informations commerciales de la part de Mon Empreinte Carbone<\/label>        <\/div>\n                        <\/div>\n\n                \n                    <div class=\"ui-e-field-type-acceptance ui-e-field-group elementor-column ui-e-field-group-field_c9pdf34 elementor-col-100  ui-e-required\">\n                                <div class=\"ui-e-field-subgroup \">\n            <input type=\"checkbox\" name=\"form_fields[field_c9pdf34]\" id=\"form-field-field_c9pdf34\" class=\"ui-e-field  ui-e-acceptance-field\" required=\"required\" aria-required=\"true\">\n            <label for=\"form-field-field_c9pdf34\">J\u2019ai lu et j\u2019accepte la politique de confidentialit\u00e9<\/label>        <\/div>\n                        <\/div>\n\n                \n                <div class=\"ui-e-field-group elementor-column ui-e-field-type-submit elementor-col-100 e-form__buttons\">\n                    <button type=\"submit\" class=\"elementor-button\">\n                        <span >\n                                                            <span class=\"\">\n                                                                                                        <\/span>\n                                                                                        <span class=\"ui-e-text\">Envoyer<\/span>\n                                                    <\/span>\n                    <\/button>\n                <\/div>\n\n            <\/div>\n\n            <div class=\"ui-e-message \">\n                            <\/div>\n        <\/form>\n                <script>\n            window.ui_e_form_validation_messages = {\"required_fields\":\"Fill all required fields.\"};\n        <\/script>\n\t\t\t\t<\/div>\n\t\t\t\t<\/div>\n\t\t\t\t<\/div>\n\t\t\t\t\t<\/div>\n\t\t\t\t<\/div>\n\t\t\t\t<\/div>\n\t\t\n    <div class=\"xs_social_share_widget xs_share_url after_content \t\tmain_content  wslu-style-1 wslu-share-box-shaped wslu-fill-colored wslu-none wslu-share-horizontal wslu-theme-font-no wslu-main_content\">\n\n\t\t\n        <ul>\n\t\t\t        <\/ul>\n    <\/div> \n","protected":false},"excerpt":{"rendered":"<p>Vous souhaitez en savoir plus sur Mon Empreinte Carbone ? Contactez-nous ! Pr\u00e9nom Nom Mail professionnel Num\u00e9ro de t\u00e9l\u00e9phone Nom de l&rsquo;entreprise [&hellip;]<\/p>\n","protected":false},"author":1,"featured_media":0,"parent":0,"menu_order":0,"comment_status":"closed","ping_status":"closed","template":"","meta":{"content-type":"","postBodyCss":"","postBodyMargin":[],"postBodyPadding":[],"postBodyBackground":{"backgroundType":"classic","gradient":""},"footnotes":""},"class_list":["post-372","page","type-page","status-publish","hentry"],"_links":{"self":[{"href":"https:\/\/m-e-c.fr\/index.php?rest_route=\/wp\/v2\/pages\/372","targetHints":{"allow":["GET"]}}],"collection":[{"href":"https:\/\/m-e-c.fr\/index.php?rest_route=\/wp\/v2\/pages"}],"about":[{"href":"https:\/\/m-e-c.fr\/index.php?rest_route=\/wp\/v2\/types\/page"}],"author":[{"embeddable":true,"href":"https:\/\/m-e-c.fr\/index.php?rest_route=\/wp\/v2\/users\/1"}],"replies":[{"embeddable":true,"href":"https:\/\/m-e-c.fr\/index.php?rest_route=%2Fwp%2Fv2%2Fcomments&post=372"}],"version-history":[{"count":54,"href":"https:\/\/m-e-c.fr\/index.php?rest_route=\/wp\/v2\/pages\/372\/revisions"}],"predecessor-version":[{"id":649,"href":"https:\/\/m-e-c.fr\/index.php?rest_route=\/wp\/v2\/pages\/372\/revisions\/649"}],"wp:attachment":[{"href":"https:\/\/m-e-c.fr\/index.php?rest_route=%2Fwp%2Fv2%2Fmedia&parent=372"}],"curies":[{"name":"wp","href":"https:\/\/api.w.org\/{rel}","templated":true}]}}